{"id":14,"date":"2023-10-28T18:41:05","date_gmt":"2023-10-28T16:41:05","guid":{"rendered":"https:\/\/nadinecohenjazz.com\/?page_id=14"},"modified":"2024-09-22T10:23:54","modified_gmt":"2024-09-22T08:23:54","slug":"beaux-portfolios-pour-des-creatifs-exceptionnels","status":"publish","type":"page","link":"https:\/\/nadinecohenjazz.com\/","title":{"rendered":"CUBANA BE, CUBANA BOP !"},"content":{"rendered":"\n<p class=\"has-text-align-center\">&#8220;CU BOP JAZZ &amp; LATIN&#8221; reprend le flambeau du r\u00e9pertoire d&#8217;un \u201dnouveau monde\u201c et propose un jaillissement de standards de jazz am\u00e9ricains et cubains, revisit\u00e9s de fa\u00e7on originale.<\/p>\n\n\n\n<div class=\"wp-block-group alignfull has-background is-layout-flow wp-block-group-is-layout-flow\" id=\"guarajira-blues\" style=\"background-color:#e5e9ec\"><div class=\"wp-block-group__inner-container\">\n<div class=\"wp-block-columns is-layout-flex wp-container-core-columns-layout-1 wp-block-columns-is-layout-flex\">\n<div class=\"wp-block-column is-vertically-aligned-center is-layout-flow wp-block-column-is-layout-flow\">\n<h2 class=\"wp-block-heading\">GUAJIRA &amp; BLUES<\/h2>\n\n\n\n<p>Un repertoire riche en accents et couleurs musicales, avec lequel les musiciens suscitent l&#8217;envie de bouger, de danser ! mais en pr\u00e9servant aussi, l&#8217;\u00e9motion intense des ballades\u2026 En effet la fronti\u00e8re est t\u00e9nue entre la Guajira et le Blues\u2026 Jazz be bop et musique cubaine sont intimement li\u00e9s.<br>Deux univers s\u00e9par\u00e9s g\u00e9ographiquement, politiquement mais tellement unis par les musiques et les musiciens du sud et nord am\u00e9ricain.<\/p>\n\n\n\n<p><\/p>\n<\/div>\n\n\n\n<div class=\"wp-block-column is-layout-flow wp-block-column-is-layout-flow\">\n<div style=\"height:48px\" aria-hidden=\"true\" class=\"wp-block-spacer\"><\/div>\n\n\n<div class=\"wp-block-image\">\n<figure class=\"aligncenter size-full\"><img fetchpriority=\"high\" decoding=\"async\" width=\"960\" height=\"686\" src=\"https:\/\/nadinecohenjazz.com\/wp-content\/uploads\/2023\/10\/JAZZ_FOLA_MAI_2018.jpg\" alt=\"\" class=\"wp-image-43\" srcset=\"https:\/\/nadinecohenjazz.com\/wp-content\/uploads\/2023\/10\/JAZZ_FOLA_MAI_2018.jpg 960w, https:\/\/nadinecohenjazz.com\/wp-content\/uploads\/2023\/10\/JAZZ_FOLA_MAI_2018-300x214.jpg 300w, https:\/\/nadinecohenjazz.com\/wp-content\/uploads\/2023\/10\/JAZZ_FOLA_MAI_2018-768x549.jpg 768w\" sizes=\"(max-width: 960px) 100vw, 960px\" \/><\/figure><\/div><\/div>\n<\/div>\n<\/div><\/div>\n\n\n\n<div class=\"wp-block-group alignfull is-layout-flow wp-block-group-is-layout-flow\" id=\"line-up\"><div class=\"wp-block-group__inner-container\">\n<div class=\"wp-block-columns are-vertically-aligned-center is-layout-flex wp-container-core-columns-layout-2 wp-block-columns-is-layout-flex\">\n<div class=\"wp-block-column is-vertically-aligned-center is-layout-flow wp-block-column-is-layout-flow\">\n<div style=\"height:48px\" aria-hidden=\"true\" class=\"wp-block-spacer\"><\/div>\n\n\n<div class=\"wp-block-image\">\n<figure class=\"aligncenter size-large\"><img decoding=\"async\" width=\"1024\" height=\"899\" src=\"https:\/\/nadinecohenjazz.com\/wp-content\/uploads\/2023\/11\/Nadine-Cohen-Da-House-1-1024x899.jpg\" alt=\"\" class=\"wp-image-130\" srcset=\"https:\/\/nadinecohenjazz.com\/wp-content\/uploads\/2023\/11\/Nadine-Cohen-Da-House-1-1024x899.jpg 1024w, https:\/\/nadinecohenjazz.com\/wp-content\/uploads\/2023\/11\/Nadine-Cohen-Da-House-1-300x263.jpg 300w, https:\/\/nadinecohenjazz.com\/wp-content\/uploads\/2023\/11\/Nadine-Cohen-Da-House-1-768x674.jpg 768w, https:\/\/nadinecohenjazz.com\/wp-content\/uploads\/2023\/11\/Nadine-Cohen-Da-House-1-1536x1348.jpg 1536w, https:\/\/nadinecohenjazz.com\/wp-content\/uploads\/2023\/11\/Nadine-Cohen-Da-House-1-2048x1797.jpg 2048w, https:\/\/nadinecohenjazz.com\/wp-content\/uploads\/2023\/11\/Nadine-Cohen-Da-House-1-2000x1755.jpg 2000w\" sizes=\"(max-width: 1024px) 100vw, 1024px\" \/><\/figure><\/div><\/div>\n\n\n\n<div class=\"wp-block-column is-vertically-aligned-center is-layout-flow wp-block-column-is-layout-flow\">\n<h2 class=\"wp-block-heading\">LINE UP<\/h2>\n\n\n\n<p>Nadine Emma COHEN, vocals<br>Stephane MONDESIR, piano<br>Jean-Paul ARTERO, contrebasse<br>Bernard CESARI, batterie<\/p>\n\n\n\n<p>Ce groupe de 4 musiciens rend hommage \u00e0 Billie Holiday, Ella Fitzgerald, Carmen McRae\u2026 en y associant les grands compositeurs et percussionnistes cubains comme Pedro Flores, Ernesto Duarte, Ray Barretto.<\/p>\n<\/div>\n<\/div>\n<\/div><\/div>\n\n\n\n<div class=\"wp-block-group alignfull has-black-background-color has-background is-layout-flow wp-block-group-is-layout-flow\" id=\"gallerie\"><div class=\"wp-block-group__inner-container\">\n<h2 class=\"wp-block-heading has-text-align-center has-white-color has-text-color\"><strong>GALER<\/strong>IE<\/h2>\n\n\n\n<figure class=\"wp-block-gallery aligncenter has-nested-images columns-default is-cropped wp-block-gallery-1 is-layout-flex wp-block-gallery-is-layout-flex\">\n<figure class=\"wp-block-image size-large\"><img decoding=\"async\" width=\"1024\" height=\"768\" src=\"https:\/\/nadinecohenjazz.com\/wp-content\/uploads\/2023\/10\/PHOTOS_NYC_002-1024x768.jpg\" alt=\"\" class=\"wp-image-53\" srcset=\"https:\/\/nadinecohenjazz.com\/wp-content\/uploads\/2023\/10\/PHOTOS_NYC_002-1024x768.jpg 1024w, https:\/\/nadinecohenjazz.com\/wp-content\/uploads\/2023\/10\/PHOTOS_NYC_002-300x225.jpg 300w, https:\/\/nadinecohenjazz.com\/wp-content\/uploads\/2023\/10\/PHOTOS_NYC_002-768x576.jpg 768w, https:\/\/nadinecohenjazz.com\/wp-content\/uploads\/2023\/10\/PHOTOS_NYC_002-1536x1152.jpg 1536w, https:\/\/nadinecohenjazz.com\/wp-content\/uploads\/2023\/10\/PHOTOS_NYC_002-2048x1536.jpg 2048w, https:\/\/nadinecohenjazz.com\/wp-content\/uploads\/2023\/10\/PHOTOS_NYC_002-2000x1500.jpg 2000w\" sizes=\"(max-width: 1024px) 100vw, 1024px\" \/><\/figure>\n\n\n\n<figure class=\"wp-block-image size-full\"><img loading=\"lazy\" decoding=\"async\" width=\"960\" height=\"638\" src=\"https:\/\/nadinecohenjazz.com\/wp-content\/uploads\/2023\/10\/PHOTOS_JAZZ_FESTIVAL_CARRY.jpg\" alt=\"\" class=\"wp-image-52\" srcset=\"https:\/\/nadinecohenjazz.com\/wp-content\/uploads\/2023\/10\/PHOTOS_JAZZ_FESTIVAL_CARRY.jpg 960w, https:\/\/nadinecohenjazz.com\/wp-content\/uploads\/2023\/10\/PHOTOS_JAZZ_FESTIVAL_CARRY-300x199.jpg 300w, https:\/\/nadinecohenjazz.com\/wp-content\/uploads\/2023\/10\/PHOTOS_JAZZ_FESTIVAL_CARRY-768x510.jpg 768w\" sizes=\"(max-width: 960px) 100vw, 960px\" \/><\/figure>\n\n\n\n<figure class=\"wp-block-image size-large\"><img loading=\"lazy\" decoding=\"async\" width=\"682\" height=\"1024\" src=\"https:\/\/nadinecohenjazz.com\/wp-content\/uploads\/2023\/10\/Concert_Louisiana053-682x1024.jpg\" alt=\"\" class=\"wp-image-38\" srcset=\"https:\/\/nadinecohenjazz.com\/wp-content\/uploads\/2023\/10\/Concert_Louisiana053-682x1024.jpg 682w, https:\/\/nadinecohenjazz.com\/wp-content\/uploads\/2023\/10\/Concert_Louisiana053-200x300.jpg 200w, https:\/\/nadinecohenjazz.com\/wp-content\/uploads\/2023\/10\/Concert_Louisiana053-768x1153.jpg 768w, https:\/\/nadinecohenjazz.com\/wp-content\/uploads\/2023\/10\/Concert_Louisiana053-1023x1536.jpg 1023w, https:\/\/nadinecohenjazz.com\/wp-content\/uploads\/2023\/10\/Concert_Louisiana053-1364x2048.jpg 1364w, https:\/\/nadinecohenjazz.com\/wp-content\/uploads\/2023\/10\/Concert_Louisiana053-2000x3004.jpg 2000w, https:\/\/nadinecohenjazz.com\/wp-content\/uploads\/2023\/10\/Concert_Louisiana053-scaled.jpg 1704w\" sizes=\"(max-width: 682px) 100vw, 682px\" \/><\/figure>\n\n\n\n<figure class=\"wp-block-image size-full\"><img loading=\"lazy\" decoding=\"async\" width=\"960\" height=\"548\" src=\"https:\/\/nadinecohenjazz.com\/wp-content\/uploads\/2023\/10\/Nadine_Emma_COHEN.jpg\" alt=\"\" class=\"wp-image-45\" srcset=\"https:\/\/nadinecohenjazz.com\/wp-content\/uploads\/2023\/10\/Nadine_Emma_COHEN.jpg 960w, https:\/\/nadinecohenjazz.com\/wp-content\/uploads\/2023\/10\/Nadine_Emma_COHEN-300x171.jpg 300w, https:\/\/nadinecohenjazz.com\/wp-content\/uploads\/2023\/10\/Nadine_Emma_COHEN-768x438.jpg 768w\" sizes=\"(max-width: 960px) 100vw, 960px\" \/><\/figure>\n\n\n\n<figure class=\"wp-block-image size-large\"><img loading=\"lazy\" decoding=\"async\" width=\"1024\" height=\"953\" src=\"https:\/\/nadinecohenjazz.com\/wp-content\/uploads\/2023\/10\/PHOTO_ENSEMBLE_SEQUIN-1024x953.jpeg\" alt=\"\" class=\"wp-image-48\" srcset=\"https:\/\/nadinecohenjazz.com\/wp-content\/uploads\/2023\/10\/PHOTO_ENSEMBLE_SEQUIN-1024x953.jpeg 1024w, https:\/\/nadinecohenjazz.com\/wp-content\/uploads\/2023\/10\/PHOTO_ENSEMBLE_SEQUIN-300x279.jpeg 300w, https:\/\/nadinecohenjazz.com\/wp-content\/uploads\/2023\/10\/PHOTO_ENSEMBLE_SEQUIN-768x714.jpeg 768w, https:\/\/nadinecohenjazz.com\/wp-content\/uploads\/2023\/10\/PHOTO_ENSEMBLE_SEQUIN-1536x1429.jpeg 1536w, https:\/\/nadinecohenjazz.com\/wp-content\/uploads\/2023\/10\/PHOTO_ENSEMBLE_SEQUIN-2000x1860.jpeg 2000w, https:\/\/nadinecohenjazz.com\/wp-content\/uploads\/2023\/10\/PHOTO_ENSEMBLE_SEQUIN.jpeg 2048w\" sizes=\"(max-width: 1024px) 100vw, 1024px\" \/><\/figure>\n\n\n\n<figure class=\"wp-block-image size-large\"><img loading=\"lazy\" decoding=\"async\" width=\"1024\" height=\"683\" src=\"https:\/\/nadinecohenjazz.com\/wp-content\/uploads\/2023\/10\/IMG_0160-1024x683.jpg\" alt=\"\" class=\"wp-image-41\" srcset=\"https:\/\/nadinecohenjazz.com\/wp-content\/uploads\/2023\/10\/IMG_0160-1024x683.jpg 1024w, https:\/\/nadinecohenjazz.com\/wp-content\/uploads\/2023\/10\/IMG_0160-300x200.jpg 300w, https:\/\/nadinecohenjazz.com\/wp-content\/uploads\/2023\/10\/IMG_0160-768x512.jpg 768w, https:\/\/nadinecohenjazz.com\/wp-content\/uploads\/2023\/10\/IMG_0160-1536x1024.jpg 1536w, https:\/\/nadinecohenjazz.com\/wp-content\/uploads\/2023\/10\/IMG_0160-2048x1365.jpg 2048w, https:\/\/nadinecohenjazz.com\/wp-content\/uploads\/2023\/10\/IMG_0160-2000x1333.jpg 2000w\" sizes=\"(max-width: 1024px) 100vw, 1024px\" \/><\/figure>\n<\/figure>\n<\/div><\/div>\n\n\n\n<div class=\"wp-block-cover alignfull is-light has-parallax is-position-center-center\" style=\"min-height:375px\" id=\"presse\"><span aria-hidden=\"true\" class=\"wp-block-cover__background has-black-background-color has-background-dim-40 has-background-dim\"><\/span><div role=\"img\" class=\"wp-block-cover__image-background wp-image-46 has-parallax\" style=\"background-position:50% 50%;background-image:url(https:\/\/nadinecohenjazz.com\/wp-content\/uploads\/2023\/10\/nyc-scaled.jpeg)\"><\/div><div class=\"wp-block-cover__inner-container is-layout-flow wp-block-cover-is-layout-flow\">\n<p class=\"has-text-align-center has-text-color has-huge-font-size\" style=\"color:#fffffa;line-height:1.1\"><strong>PRESSE<\/strong><\/p>\n\n\n\n<blockquote class=\"wp-block-quote has-white-color has-text-color\">\n<p>Nadine Emma COHEN, voix envo\u00fbtante alterne Jazz traditionnel des ann\u00e9es 50-60 et tonalit\u00e9s african-cuban donnant l&#8217;occasion \u00e0 chacun de ses musiciens de s&#8217;exprimer avec virtuosit\u00e9, volupt\u00e9 et plaisir partag\u00e9 !<\/p>\n<cite>Journal &#8220;la PROVENCE&#8221;<\/cite><\/blockquote>\n\n\n\n<p class=\"has-white-color has-text-color\">Participation \u00e0 de nombreux festivals et \u00e9v\u00e8nements Jazz de la r\u00e9gion (Festival Jazz sur Verdon, Jazz sous les Etoiles Bouc Bel Air, Festival de Jazz de Carry le Rouet, Ollioules, Pennes Mirabeau, Cassis)<\/p>\n\n\n\n<figure class=\"wp-block-embed is-type-video is-provider-youtube wp-block-embed-youtube wp-embed-aspect-16-9 wp-has-aspect-ratio\"><div class=\"wp-block-embed__wrapper\">\n<iframe title=\"Love Makes The Change Nadine Cohen Quintet\" width=\"950\" height=\"534\" src=\"https:\/\/www.youtube.com\/embed\/rjL-kQ_3xZM?feature=oembed\" frameborder=\"0\" allow=\"accelerometer; autoplay; clipboard-write; encrypted-media; gyroscope; picture-in-picture; web-share\" referrerpolicy=\"strict-origin-when-cross-origin\" allowfullscreen><\/iframe>\n<\/div><\/figure>\n\n\n\n<figure class=\"wp-block-embed is-type-video is-provider-youtube wp-block-embed-youtube wp-embed-aspect-16-9 wp-has-aspect-ratio\"><div class=\"wp-block-embed__wrapper\">\n <iframe title=\"Obsession Nadine Emma Cohen Quartet\" width=\"950\" height=\"534\" src=\"https:\/\/www.youtube.com\/embed\/jktuzmRrpFo?feature=oembed\" frameborder=\"0\" allow=\"accelerometer; autoplay; clipboard-write; encrypted-media; gyroscope; picture-in-picture; web-share\" referrerpolicy=\"strict-origin-when-cross-origin\" allowfullscreen><\/iframe>\n<\/div><\/figure>\n\n\n\n<p class=\"has-white-color has-text-color\"><\/p>\n<\/div><\/div>\n\n\n\n<h2 class=\"wp-block-heading\" id=\"contact\">Contact<\/h2>\n","protected":false},"excerpt":{"rendered":"<p>&#8220;CU BOP JAZZ &amp; LATIN&#8221; reprend le flambeau du r\u00e9pertoire d&#8217;un \u201dnouveau monde\u201c et propose un jaillissement de standards de jazz am\u00e9ricains et cubains, revisit\u00e9s de fa\u00e7on originale. GUAJIRA &amp; BLUES Un repertoire riche en accents et couleurs musicales, avec lequel les musiciens suscitent l&#8217;envie de bouger, de danser ! mais en pr\u00e9servant aussi, l&#8217;\u00e9motion &hellip; <\/p>\n<p class=\"link-more\"><a href=\"https:\/\/nadinecohenjazz.com\/\" class=\"more-link\">Read more<span class=\"screen-reader-text\"> &#8220;CUBANA BE, CUBANA BOP !&#8221;<\/span><\/a><\/p>\n","protected":false},"author":1,"featured_media":0,"parent":0,"menu_order":0,"comment_status":"closed","ping_status":"closed","template":"","meta":{"footnotes":""},"_links":{"self":[{"href":"https:\/\/nadinecohenjazz.com\/index.php?rest_route=\/wp\/v2\/pages\/14"}],"collection":[{"href":"https:\/\/nadinecohenjazz.com\/index.php?rest_route=\/wp\/v2\/pages"}],"about":[{"href":"https:\/\/nadinecohenjazz.com\/index.php?rest_route=\/wp\/v2\/types\/page"}],"author":[{"embeddable":true,"href":"https:\/\/nadinecohenjazz.com\/index.php?rest_route=\/wp\/v2\/users\/1"}],"replies":[{"embeddable":true,"href":"https:\/\/nadinecohenjazz.com\/index.php?rest_route=%2Fwp%2Fv2%2Fcomments&post=14"}],"version-history":[{"count":30,"href":"https:\/\/nadinecohenjazz.com\/index.php?rest_route=\/wp\/v2\/pages\/14\/revisions"}],"predecessor-version":[{"id":161,"href":"https:\/\/nadinecohenjazz.com\/index.php?rest_route=\/wp\/v2\/pages\/14\/revisions\/161"}],"wp:attachment":[{"href":"https:\/\/nadinecohenjazz.com\/index.php?rest_route=%2Fwp%2Fv2%2Fmedia&parent=14"}],"curies":[{"name":"wp","href":"https:\/\/api.w.org\/{rel}","templated":true}]}}